{"id":4369,"date":"2024-01-30T09:57:20","date_gmt":"2024-01-30T08:57:20","guid":{"rendered":"https:\/\/www.lacampanadelgiubileo.com\/premia\/"},"modified":"2024-03-06T20:14:00","modified_gmt":"2024-03-06T19:14:00","slug":"premia","status":"publish","type":"page","link":"https:\/\/www.lacampanadelgiubileo.com\/pt-br\/premia\/","title":{"rendered":"Premia srl"},"content":{"rendered":"\t\t<div data-elementor-type=\"wp-page\" data-elementor-id=\"4369\" class=\"elementor elementor-4369 elementor-2699\" data-elementor-settings=\"{&quot;ha_cmc_init_switcher&quot;:&quot;no&quot;}\">\n\t\t\t\t<div class=\"elementor-element elementor-element-3e73c7fe e-flex e-con-boxed e-con e-parent\" data-id=\"3e73c7fe\" data-element_type=\"container\" data-e-type=\"container\" data-settings=\"{&quot;_ha_eqh_enable&quot;:false}\">\r\n\t\t\t\t\t<div class=\"e-con-inner\">\r\n\t\t\t\t<div class=\"elementor-element elementor-element-470cdd21 exad-sticky-section-no exad-glass-effect-no elementor-widget elementor-widget-text-editor\" data-id=\"470cdd21\" data-element_type=\"widget\" data-e-type=\"widget\" data-widget_type=\"text-editor.default\">\n\t\t\t\t<div class=\"elementor-widget-container\">\n\t\t\t\t\t\t\t\t\t<p>Conhecemos a fam\u00edlia Marinelli de Agnone h\u00e1 30 anos e nos sentimos honrados com sua amizade. O relacionamento que nos une, feito de estima e valores compartilhados, nos levou a colaborar em v\u00e1rias ocasi\u00f5es, come\u00e7ando com a maravilhosa experi\u00eancia do Sino do Grande Jubileu do ano 2000, desejado e aben\u00e7oado por S\u00e3o Jo\u00e3o Paulo II.<\/p>\n<p>Hoje estamos com eles novamente nesse belo projeto, nessa vis\u00e3o brilhante de um novo sino do Jubileu.<\/p>\n<p>Nossa organiza\u00e7\u00e3o, com sede em G\u00eanova, est\u00e1 envolvida na produ\u00e7\u00e3o e distribui\u00e7\u00e3o mundial dos pequenos sinos, reprodu\u00e7\u00f5es fi\u00e9is em miniatura do Sino Oficial do Jubileu de 2025, para dar a todos a oportunidade de guardar uma preciosa lembran\u00e7a do Ano Santo de 2025.<\/p>\n<p>Esperamos que o toque melodioso do pequeno sino invoque um compromisso coletivo com a conquista da felicidade, da serenidade e da paz em todo o mundo.<\/p>\n<p>A Premia srl, juntamente com a fundi\u00e7\u00e3o pontif\u00edcia Marinelli, adquiriu o t\u00edtulo exclusivo de licenciada oficial do logotipo do Jubileu 2025 para a produ\u00e7\u00e3o e comercializa\u00e7\u00e3o do sino do Jubileu.<\/p>\n<p><strong>Premia srl unipersonale<\/strong><\/p>\n<p>Lungobisagno Istria, 33<br \/>16141 G\u00eanova &#8211; It\u00e1lia<br \/>Tel. 0039 010 8688412<br \/>E-mail: <a href=\"mailto:info@lacampanadelgiubileo.com\">info@lacampanadelgiubileo.com<\/a> &#8211; <a href=\"mailto:info@premia.trade\">info@premia.trade<\/a><\/p>\n\t\t\t\t\t\t\t\t<\/div>\n\t\t\t\t<\/div>\n\t\t\t\t\t<\/div>\n\t\t\t\t<\/div>\n\t\t\t\t<\/div>\n\t\t","protected":false},"excerpt":{"rendered":"<p>Conhecemos a fam\u00edlia Marinelli de Agnone h\u00e1 30 anos e nos sentimos honrados com sua amizade. O relacionamento que nos une, feito de estima e valores compartilhados, nos levou a colaborar em v\u00e1rias ocasi\u00f5es, come\u00e7ando com a maravilhosa experi\u00eancia do Sino do Grande Jubileu do ano 2000, desejado e aben\u00e7oado por S\u00e3o Jo\u00e3o Paulo II. [&hellip;]<\/p>\n","protected":false},"author":1,"featured_media":0,"parent":0,"menu_order":0,"comment_status":"closed","ping_status":"closed","template":"","meta":{"h5ap_radio_sources":[],"footnotes":""},"class_list":["post-4369","page","type-page","status-publish","hentry"],"_links":{"self":[{"href":"https:\/\/www.lacampanadelgiubileo.com\/pt-br\/wp-json\/wp\/v2\/pages\/4369","targetHints":{"allow":["GET"]}}],"collection":[{"href":"https:\/\/www.lacampanadelgiubileo.com\/pt-br\/wp-json\/wp\/v2\/pages"}],"about":[{"href":"https:\/\/www.lacampanadelgiubileo.com\/pt-br\/wp-json\/wp\/v2\/types\/page"}],"author":[{"embeddable":true,"href":"https:\/\/www.lacampanadelgiubileo.com\/pt-br\/wp-json\/wp\/v2\/users\/1"}],"replies":[{"embeddable":true,"href":"https:\/\/www.lacampanadelgiubileo.com\/pt-br\/wp-json\/wp\/v2\/comments?post=4369"}],"version-history":[{"count":4,"href":"https:\/\/www.lacampanadelgiubileo.com\/pt-br\/wp-json\/wp\/v2\/pages\/4369\/revisions"}],"predecessor-version":[{"id":4518,"href":"https:\/\/www.lacampanadelgiubileo.com\/pt-br\/wp-json\/wp\/v2\/pages\/4369\/revisions\/4518"}],"wp:attachment":[{"href":"https:\/\/www.lacampanadelgiubileo.com\/pt-br\/wp-json\/wp\/v2\/media?parent=4369"}],"curies":[{"name":"wp","href":"https:\/\/api.w.org\/{rel}","templated":true}]}}