{"id":4366,"date":"2024-02-05T16:20:38","date_gmt":"2024-02-05T15:20:38","guid":{"rendered":"https:\/\/www.lacampanadelgiubileo.com\/la-storia\/"},"modified":"2024-03-07T11:05:42","modified_gmt":"2024-03-07T10:05:42","slug":"a-historia","status":"publish","type":"page","link":"https:\/\/www.lacampanadelgiubileo.com\/pt-br\/a-historia\/","title":{"rendered":"A Hist\u00f3ria"},"content":{"rendered":"\t\t<div data-elementor-type=\"wp-page\" data-elementor-id=\"4366\" class=\"elementor elementor-4366 elementor-2832\" data-elementor-settings=\"{&quot;ha_cmc_init_switcher&quot;:&quot;no&quot;}\">\n\t\t\t\t<div class=\"elementor-element elementor-element-3d099692 e-flex e-con-boxed e-con e-parent\" data-id=\"3d099692\" data-element_type=\"container\" data-e-type=\"container\" data-settings=\"{&quot;_ha_eqh_enable&quot;:false}\">\r\n\t\t\t\t\t<div class=\"e-con-inner\">\r\n\t\t\t\t<div class=\"elementor-element elementor-element-43851136 exad-sticky-section-no exad-glass-effect-no elementor-widget elementor-widget-text-editor\" data-id=\"43851136\" data-element_type=\"widget\" data-e-type=\"widget\" data-widget_type=\"text-editor.default\">\n\t\t\t\t<div class=\"elementor-widget-container\">\n\t\t\t\t\t\t\t\t\t<p>Em dezembro de 2022, surgiu a ideia, o desejo, de participar das comemora\u00e7\u00f5es do Jubileu de 2025.<\/p>\n\t\t\t\t\t\t\t\t<\/div>\n\t\t\t\t<\/div>\n\t\t\t\t<div class=\"elementor-element elementor-element-070a5ba exad-sticky-section-no exad-glass-effect-no elementor-widget elementor-widget-text-editor\" data-id=\"070a5ba\" data-element_type=\"widget\" data-e-type=\"widget\" data-widget_type=\"text-editor.default\">\n\t\t\t\t<div class=\"elementor-widget-container\">\n\t\t\t\t\t\t\t\t\t<p>Assim, a Pontificia Fonderia Marinelli de Agnone, na prov\u00edncia de Isernia, come\u00e7ou a imaginar a fundi\u00e7\u00e3o de um sino, tamb\u00e9m em mem\u00f3ria daquele feito para o Jubileu do ano 2000 e agora preservado nos Jardins do Vaticano, para ser entregue ao Santo Padre.<\/p>\n<p>Os propriet\u00e1rios da fundi\u00e7\u00e3o Marinelli, de mesmo nome, come\u00e7aram a estudar a melhor forma de realiza\u00e7\u00e3o, cientes da grande honra e responsabilidade.<\/p>\n<p>O projeto e os esbo\u00e7os preparat\u00f3rios foram enviados ao Dicast\u00e9rio para a Evangeliza\u00e7\u00e3o e, ap\u00f3s cuidadosa avalia\u00e7\u00e3o, foram compartilhados e aprovados.<\/p>\n<p>Em 15 de dezembro de 2023, uma data memor\u00e1vel para a fam\u00edlia Marinelli, na presen\u00e7a de Sua Excel\u00eancia Reverend\u00edssima Monsenhor Rino Fisichella, Presidente para a Promo\u00e7\u00e3o da Nova Evangeliza\u00e7\u00e3o, a fundi\u00e7\u00e3o do bronze sagrado foi aben\u00e7oada por ele.<\/p>\n<p>A b\u00ean\u00e7\u00e3o tamb\u00e9m foi invocada conjuntamente por Sua Excel\u00eancia o Bispo da Diocese de Trivento, Monsenhor Claudio Palumbo, e Monsenhor Antonio Mastantuono, Assistente Eclesi\u00e1stico Nacional da UCID.<\/p>\n<p>Juntamente com um concerto de sinos montado na Pra\u00e7a de S\u00e3o Pedro, o sino tocar\u00e1 o evento do Jubileu e tocar\u00e1 melodias de paz e f\u00e9, anunciando o Jubileu de 2025 e levando a mensagem de esperan\u00e7a a todos os peregrinos dos quatro cantos do mundo.<\/p>\n<p>Tamb\u00e9m foram feitos sinos em miniatura, reprodu\u00e7\u00f5es fi\u00e9is do sino grande, para que pudessem ser comprados por todos os peregrinos como uma lembran\u00e7a preciosa do Ano Santo e um s\u00edmbolo significativo da mensagem do Jubileu.<\/p>\n\t\t\t\t\t\t\t\t<\/div>\n\t\t\t\t<\/div>\n\t\t\t\t\t<\/div>\n\t\t\t\t<\/div>\n\t\t\t\t<\/div>\n\t\t","protected":false},"excerpt":{"rendered":"<p>Em dezembro de 2022, surgiu a ideia, o desejo, de participar das comemora\u00e7\u00f5es do Jubileu de 2025. Assim, a Pontificia Fonderia Marinelli de Agnone, na prov\u00edncia de Isernia, come\u00e7ou a imaginar a fundi\u00e7\u00e3o de um sino, tamb\u00e9m em mem\u00f3ria daquele feito para o Jubileu do ano 2000 e agora preservado nos Jardins do Vaticano, para [&hellip;]<\/p>\n","protected":false},"author":1,"featured_media":0,"parent":0,"menu_order":0,"comment_status":"closed","ping_status":"closed","template":"","meta":{"h5ap_radio_sources":[],"footnotes":""},"class_list":["post-4366","page","type-page","status-publish","hentry"],"_links":{"self":[{"href":"https:\/\/www.lacampanadelgiubileo.com\/pt-br\/wp-json\/wp\/v2\/pages\/4366","targetHints":{"allow":["GET"]}}],"collection":[{"href":"https:\/\/www.lacampanadelgiubileo.com\/pt-br\/wp-json\/wp\/v2\/pages"}],"about":[{"href":"https:\/\/www.lacampanadelgiubileo.com\/pt-br\/wp-json\/wp\/v2\/types\/page"}],"author":[{"embeddable":true,"href":"https:\/\/www.lacampanadelgiubileo.com\/pt-br\/wp-json\/wp\/v2\/users\/1"}],"replies":[{"embeddable":true,"href":"https:\/\/www.lacampanadelgiubileo.com\/pt-br\/wp-json\/wp\/v2\/comments?post=4366"}],"version-history":[{"count":7,"href":"https:\/\/www.lacampanadelgiubileo.com\/pt-br\/wp-json\/wp\/v2\/pages\/4366\/revisions"}],"predecessor-version":[{"id":5067,"href":"https:\/\/www.lacampanadelgiubileo.com\/pt-br\/wp-json\/wp\/v2\/pages\/4366\/revisions\/5067"}],"wp:attachment":[{"href":"https:\/\/www.lacampanadelgiubileo.com\/pt-br\/wp-json\/wp\/v2\/media?parent=4366"}],"curies":[{"name":"wp","href":"https:\/\/api.w.org\/{rel}","templated":true}]}}