{"id":4364,"date":"2024-01-30T09:57:51","date_gmt":"2024-01-30T08:57:51","guid":{"rendered":"https:\/\/www.lacampanadelgiubileo.com\/la-fonderia-e-il-museo-di-campane-marinelli\/"},"modified":"2024-03-06T20:38:31","modified_gmt":"2024-03-06T19:38:31","slug":"a-fundicao","status":"publish","type":"page","link":"https:\/\/www.lacampanadelgiubileo.com\/pt-br\/a-fundicao\/","title":{"rendered":"A Fundi\u00e7\u00e3o"},"content":{"rendered":"\t\t<div data-elementor-type=\"wp-page\" data-elementor-id=\"4364\" class=\"elementor elementor-4364 elementor-2701\" data-elementor-settings=\"{&quot;ha_cmc_init_switcher&quot;:&quot;no&quot;}\">\n\t\t\t\t<div class=\"elementor-element elementor-element-2c43667c e-flex e-con-boxed e-con e-parent\" data-id=\"2c43667c\" data-element_type=\"container\" data-e-type=\"container\" data-settings=\"{&quot;_ha_eqh_enable&quot;:false}\">\r\n\t\t\t\t\t<div class=\"e-con-inner\">\r\n\t\t\t\t<div class=\"elementor-element elementor-element-84a71d0 exad-sticky-section-no exad-glass-effect-no elementor-widget elementor-widget-porto_ultimate_heading\" data-id=\"84a71d0\" data-element_type=\"widget\" data-e-type=\"widget\" data-widget_type=\"porto_ultimate_heading.default\">\n\t\t\t\t<div class=\"elementor-widget-container\">\n\t\t\t\t\t<div class=\"porto-u-heading  porto-u-7cde7bb859728a21207628191890e260\"><div class=\"porto-u-main-heading\"><h2   >A Fundi\u00e7\u00e3o Marinelli<\/h2><\/div><style>.porto-u-7cde7bb859728a21207628191890e260.porto-u-heading{text-align:left}<\/style><\/div>\t\t\t\t<\/div>\n\t\t\t\t<\/div>\n\t\t\t\t<div class=\"elementor-element elementor-element-35d96fe5 exad-sticky-section-no exad-glass-effect-no elementor-widget elementor-widget-text-editor\" data-id=\"35d96fe5\" data-element_type=\"widget\" data-e-type=\"widget\" data-widget_type=\"text-editor.default\">\n\t\t\t\t<div class=\"elementor-widget-container\">\n\t\t\t\t\t\t\t\t\t<p>O som dos sinos chega at\u00e9 n\u00f3s inalterado do passado, \u00e9 uma can\u00e7\u00e3o eterna, um poema, uma ora\u00e7\u00e3o, um aviso, um convite ao compartilhamento e \u00e0 fraternidade, porque, como diz o Papa Francisco:<em> &#8220;Ou somos todos irm\u00e3os ou tudo desmorona&#8221;<\/em>.<\/p>\n<p>Uma voz, uma invoca\u00e7\u00e3o, que \u00e9 um anseio pela miseric\u00f3rdia divina, pela esperan\u00e7a, um s\u00edmbolo universal de f\u00e9, de cultura, de arte, de hist\u00f3ria, capaz de sublinhar p\u00e1ginas significativas da exist\u00eancia humana, de marcar o tempo da vida profissional cotidiana.<\/p>\n<p>A hist\u00f3ria dos fundadores dos sinos Marinelli se estende por mil\u00eanios. Eles s\u00e3o os \u00fanicos sobreviventes das dinastias de sineiros trabalhadores de Agnone e v\u00eam transmitindo a maravilhosa e \u00fanica tradi\u00e7\u00e3o de tocar sinos de pai para filho desde antes do ano mil.<\/p>\n<p>Berengario Amorosa escreveu em seu ensaio &#8220;Il Molise&#8221;, de 1924: &#8220;A arte de fundir sinos \u00e9 uma antiga especialidade dos artes\u00e3os agnoneses. Ela vem de longa data. Os mais renomados eram da fam\u00edlia Marinelli e foram os primeiros a estudar e obter os acordes dos sinos, fazendo experimentos pacientes e interessantes sobre as propor\u00e7\u00f5es de metal correspondentes \u00e0 escala musical dos sete tons maiores. Finalmente, eles conseguiram fazer com que os sinos tocassem na ordem musical&#8221;.<\/p>\n<p>Tommaso Marinelli, em sua<em>&#8216;Memoria dell&#8217;arte delle campane<\/em>publicado em 1888, indica as caracter\u00edsticas de um bom fundador de sinos: &#8220;Antes de mais nada, devo lhe dizer que voc\u00ea deve ser um homem bom, honesto e temente a Deus; e ent\u00e3o voc\u00ea deve ter algum elemento de instru\u00e7\u00e3o em aritm\u00e9tica, desenho e, se poss\u00edvel, at\u00e9 mesmo geometria, sem negligenciar os princ\u00edpios da m\u00fasica, no que diz respeito ao conhecimento e \u00e0 distin\u00e7\u00e3o de sons, se voc\u00ea quiser fazer sinos de acordo&#8221;.<\/p>\n<p>Quantas badaladas no mundo. Do interessante e sugestivo centro de Agnone, localizado no cora\u00e7\u00e3o do alto Molise, no centro da It\u00e1lia, vem uma longa trilha de sinos que marcam momentos de alegria e tristeza. Desde os sinos tristes que comemoram os mortos de todas as guerras (Genzano della Lucania, Antillo), at\u00e9 a perda de tantas vidas em terremotos (L&#8217;Aquila, San Giuliano di Puglia); desde as trag\u00e9dias nas minas (Marcinelle, Monongah, Arsia-Istria) at\u00e9 os ataques (World Center New York). Se nos aprofundarmos no hist\u00f3rico de trabalho dos Marinellis, a lista se torna intermin\u00e1vel: o sino dedicado \u00e0s v\u00edtimas da pandemia destinado ao Parlamento Europeu, o sino na pra\u00e7a de Tirana fundido com cartuchos recuperados da guerra, o sino para a Torre de Pisa, para as igrejas da Piazza di Spagna e Trinit\u00e0 dei Monti em Roma, para a OTAN, para a Milan Expo e milhares de outros.<\/p>\n<p>A hist\u00f3ria da fundi\u00e7\u00e3o Marinelli se funde com a dos eventos hist\u00f3ricos e religiosos, e muitos sinos s\u00e3o o resultado da vontade dos papas, come\u00e7ando com PIO XI, que concedeu \u00e0 fundi\u00e7\u00e3o o t\u00edtulo de Pontificia em 1924.<\/p>\n<p>Mas um livro n\u00e3o seria suficiente para contar a hist\u00f3ria da fam\u00edlia Marinelli, dos encontros de \u00edntima emo\u00e7\u00e3o e profunda espiritualidade &#8211; como aquele com S\u00e3o Pio de Pietrelcina ou com a Madre Speranza espanhola do Santu\u00e1rio do Amor Misericordioso em Collavalenza &#8211; ou as muitas anedotas que pontuam a hist\u00f3ria milenar dessa incr\u00edvel e maravilhosa realidade italiana.<\/p>\n<p>Se quiser saber mais sobre o hist\u00f3rico ou as etapas de processamento que levam \u00e0 cria\u00e7\u00e3o de um sino, voc\u00ea pode acessar os seguintes endere\u00e7os:<\/p>\n<p><a href=\"https:\/\/campanemarinelli.com\/\" target=\"_blank\" rel=\"noopener\">campanemarinelli.com<\/a><\/p>\n\t\t\t\t\t\t\t\t<\/div>\n\t\t\t\t<\/div>\n\t\t\t\t\t<\/div>\n\t\t\t\t<\/div>\n\t\t<div class=\"elementor-element elementor-element-442ae61 e-flex e-con-boxed e-con e-parent\" data-id=\"442ae61\" data-element_type=\"container\" data-e-type=\"container\" data-settings=\"{&quot;_ha_eqh_enable&quot;:false}\">\r\n\t\t\t\t\t<div class=\"e-con-inner\">\r\n\t\t\t\t<div class=\"elementor-element elementor-element-53f4981 exad-sticky-section-no exad-glass-effect-no elementor-widget elementor-widget-porto_ultimate_heading\" data-id=\"53f4981\" data-element_type=\"widget\" data-e-type=\"widget\" data-widget_type=\"porto_ultimate_heading.default\">\n\t\t\t\t<div class=\"elementor-widget-container\">\n\t\t\t\t\t<div class=\"porto-u-heading  porto-u-7cde7bb859728a21207628191890e260\"><div class=\"porto-u-main-heading\"><h2   >Museu do Sino Marinelli<\/h2><\/div><style>.porto-u-7cde7bb859728a21207628191890e260.porto-u-heading{text-align:left}<\/style><\/div>\t\t\t\t<\/div>\n\t\t\t\t<\/div>\n\t\t\t\t<div class=\"elementor-element elementor-element-79f27bf exad-sticky-section-no exad-glass-effect-no elementor-widget elementor-widget-text-editor\" data-id=\"79f27bf\" data-element_type=\"widget\" data-e-type=\"widget\" data-widget_type=\"text-editor.default\">\n\t\t\t\t<div class=\"elementor-widget-container\">\n\t\t\t\t\t\t\t\t\t<p>De Agnone, no cora\u00e7\u00e3o do Alto Molise, os sinos come\u00e7am e se espalham pelo mundo, \u00e9 uma can\u00e7\u00e3o<br \/>s\u00edmbolo de esperan\u00e7a, f\u00e9, arte, hist\u00f3ria e cultura.<br \/>No Museu Marinelli, encontra-se a hist\u00f3ria dos bronzes sagrados e o trabalho dos fundadores da Marinelli, que por mais de mil anos se dedicaram \u00e0 cria\u00e7\u00e3o de um museu.<br \/>anos foram dedicados a essa tradi\u00e7\u00e3o.<br \/>O Museu Marinelli \u00e9 uma cria\u00e7\u00e3o do patriarca dos sinos Pasquale Marinelli, que<br \/>que ele desejava dedicar \u00e0 mem\u00f3ria de seus antepassados e \u00e0s gera\u00e7\u00f5es futuras, e em particular a seu irm\u00e3o Hector, o escultor<br \/>da fundi\u00e7\u00e3o, que morreu muito jovem e, mais tarde, deu-lhe o nome do Papa Jo\u00e3o II, em mem\u00f3ria de seu pai.<br \/>visita em 19.3.1995.<br \/>\u00c9 um dos raros museus do mundo que abriga uma vasta cole\u00e7\u00e3o de sinos, cerca de trezentos em n\u00famero, do Ano<br \/>De mil at\u00e9 os dias atuais, de todas as torres sineiras, catalogadas, incluindo a mais antiga do ano mil,<br \/>de Abruzzo, de forjamento muito simples, sem frisos e inscri\u00e7\u00f5es, com uma al\u00e7a aplicada em<br \/>ferro em vez da coroa.<br \/>Cada sino tem seu pr\u00f3prio som, suas pr\u00f3prias inscri\u00e7\u00f5es, seus pr\u00f3prios frisos e constitui uma obra \u00fanica em seu g\u00eanero.<br \/>Dependendo da \u00e9poca e do fabricante, as decora\u00e7\u00f5es s\u00e3o simples, evoluindo cada vez mais<br \/>complexas e elaboradas e reproduzem Madonas, Santos, Arcanjos, cruzes; elas passam do estilo g\u00f3tico para o<br \/>barroco, neocl\u00e1ssico, Art Nouveau e moderno, e o conte\u00fado das inscri\u00e7\u00f5es \u00e9 variado: ora\u00e7\u00f5es, not\u00edcias<br \/>hist\u00f3rico, nomes de doadores e mestres de fundi\u00e7\u00e3o.<br \/>O museu tamb\u00e9m queria preservar c\u00f3pias dos sinos que representavam momentos hist\u00f3ricos<br \/>mais importantes, bem como documentos que comprovam a concess\u00e3o do t\u00edtulo de Pontifical pelo Papa Pio XI<br \/>em 1924, um centen\u00e1rio que ser\u00e1 comemorado com um selo postal, a vinda de Jo\u00e3o Paulo II, cujo<br \/>assinatura aut\u00eantica, a c\u00f3pia do Sino do Jubileu de 2000 ao qual o Sino da<br \/>Jubileu 2025, fundido em 15 de dezembro de 2023 na presen\u00e7a de Sua Excel\u00eancia Rino Fisichella.<br \/>O museu tamb\u00e9m abriga sinos danificados, pois, ao contr\u00e1rio da cren\u00e7a popular, o<br \/>Os sinos podem se deteriorar devido a fen\u00f4menos atmosf\u00e9ricos ou guerras.<br \/>Mas o Museu \u00e9, acima de tudo, hist\u00f3ria, arte e cultura, um centro para o estudo da arte sineira, com uma rica<br \/>A biblioteca, come\u00e7ando com os textos mais antigos, como a edi\u00e7\u00e3o de 1664 do Tintinnabulis de Girolamo Maggi,<br \/>definiu a B\u00edblia da arte dos sinos para os textos sobre a hist\u00f3ria da Fundi\u00e7\u00e3o editados por Gioconda Marinelli.<br \/>Confer\u00eancias, apresenta\u00e7\u00f5es de livros e concertos de sinos com curadoria do Maestro Giulio Costanzo acontecem no<br \/>Museu, que est\u00e1 vivo e integrado \u00e0 Fundi\u00e7\u00e3o, para que o visitante possa se deslocar da hist\u00f3ria e da tradi\u00e7\u00e3o<br \/>\u00e0 vis\u00e3o atual do trabalho artesanal que ocorre na fundi\u00e7\u00e3o onde os sinos s\u00e3o fabricados.<\/p>\n<p><a href=\"https:\/\/museocampanemarinelli.it\/\" target=\"_blank\" rel=\"noopener\">museocampanemarinelli.it<\/a><\/p>\n\t\t\t\t\t\t\t\t<\/div>\n\t\t\t\t<\/div>\n\t\t\t\t\t<\/div>\n\t\t\t\t<\/div>\n\t\t\t\t<\/div>\n\t\t","protected":false},"excerpt":{"rendered":"<p>A Fundi\u00e7\u00e3o Marinelli O som dos sinos chega at\u00e9 n\u00f3s inalterado do passado, \u00e9 uma can\u00e7\u00e3o eterna, um poema, uma ora\u00e7\u00e3o, um aviso, um convite ao compartilhamento e \u00e0 fraternidade, porque, como diz o Papa Francisco: &#8220;Ou somos todos irm\u00e3os ou tudo desmorona&#8221;. Uma voz, uma invoca\u00e7\u00e3o, que \u00e9 um anseio pela miseric\u00f3rdia divina, pela [&hellip;]<\/p>\n","protected":false},"author":1,"featured_media":0,"parent":0,"menu_order":0,"comment_status":"closed","ping_status":"closed","template":"","meta":{"h5ap_radio_sources":[],"footnotes":""},"class_list":["post-4364","page","type-page","status-publish","hentry"],"_links":{"self":[{"href":"https:\/\/www.lacampanadelgiubileo.com\/pt-br\/wp-json\/wp\/v2\/pages\/4364","targetHints":{"allow":["GET"]}}],"collection":[{"href":"https:\/\/www.lacampanadelgiubileo.com\/pt-br\/wp-json\/wp\/v2\/pages"}],"about":[{"href":"https:\/\/www.lacampanadelgiubileo.com\/pt-br\/wp-json\/wp\/v2\/types\/page"}],"author":[{"embeddable":true,"href":"https:\/\/www.lacampanadelgiubileo.com\/pt-br\/wp-json\/wp\/v2\/users\/1"}],"replies":[{"embeddable":true,"href":"https:\/\/www.lacampanadelgiubileo.com\/pt-br\/wp-json\/wp\/v2\/comments?post=4364"}],"version-history":[{"count":7,"href":"https:\/\/www.lacampanadelgiubileo.com\/pt-br\/wp-json\/wp\/v2\/pages\/4364\/revisions"}],"predecessor-version":[{"id":4562,"href":"https:\/\/www.lacampanadelgiubileo.com\/pt-br\/wp-json\/wp\/v2\/pages\/4364\/revisions\/4562"}],"wp:attachment":[{"href":"https:\/\/www.lacampanadelgiubileo.com\/pt-br\/wp-json\/wp\/v2\/media?parent=4364"}],"curies":[{"name":"wp","href":"https:\/\/api.w.org\/{rel}","templated":true}]}}