{"id":4361,"date":"2024-02-05T16:25:55","date_gmt":"2024-02-05T15:25:55","guid":{"rendered":"https:\/\/www.lacampanadelgiubileo.com\/la-campana-del-giubileo\/"},"modified":"2024-03-06T20:48:32","modified_gmt":"2024-03-06T19:48:32","slug":"o-sino-do-jubileu","status":"publish","type":"page","link":"https:\/\/www.lacampanadelgiubileo.com\/pt-br\/o-sino-do-jubileu\/","title":{"rendered":"O Sino do Jubileu"},"content":{"rendered":"\t\t<div data-elementor-type=\"wp-page\" data-elementor-id=\"4361\" class=\"elementor elementor-4361 elementor-2840\" data-elementor-settings=\"{&quot;ha_cmc_init_switcher&quot;:&quot;no&quot;}\">\n\t\t\t\t<div class=\"elementor-element elementor-element-16ab313 e-flex e-con-boxed e-con e-parent\" data-id=\"16ab313\" data-element_type=\"container\" data-e-type=\"container\" data-settings=\"{&quot;_ha_eqh_enable&quot;:false}\">\r\n\t\t\t\t\t<div class=\"e-con-inner\">\r\n\t\t\t\t<div class=\"elementor-element elementor-element-6112b4a9 exad-sticky-section-no exad-glass-effect-no elementor-widget elementor-widget-text-editor\" data-id=\"6112b4a9\" data-element_type=\"widget\" data-e-type=\"widget\" data-widget_type=\"text-editor.default\">\n\t\t\t\t<div class=\"elementor-widget-container\">\n\t\t\t\t\t\t\t\t\t<p style=\"font-weight: 400;\">O sino oficial do Jubileu 2025, fabricado pela Pontificia Fonderia Marinelli, pesa 200 kg, tem uma circunfer\u00eancia de 2 m e responde \u00e0 nota musical RE.<\/p>\n<p style=\"font-weight: 400;\">Ele reproduz o logotipo do Jubileu de 2025 com o lema PEREGRINANTES IN SPEM (Peregrinos na Esperan\u00e7a) e retrata quatro figuras estilizadas para indicar a humanidade dos quatro cantos da Terra, uma abra\u00e7ada \u00e0 outra e a primeira abra\u00e7ada a uma cruz que simboliza Cristo, que \u00e9 prolongada para se tornar uma \u00e2ncora de esperan\u00e7a.<\/p>\n<p style=\"font-weight: 400;\">As ondas abaixo est\u00e3o agitadas porque a peregrina\u00e7\u00e3o da vida nem sempre se move em \u00e1guas calmas. A imagem do logotipo mostra como a jornada do peregrino \u00e9 comunit\u00e1ria e tende para a cruz que se inclina em dire\u00e7\u00e3o \u00e0 humanidade para n\u00e3o deix\u00e1-la sozinha.<\/p>\n<p style=\"font-weight: 400;\">Al\u00e9m do logotipo do Jubileu 2025, muitos outros elementos foram esculpidos no sino.<\/p>\n<ul>\n<li style=\"font-weight: 400;\">Quatro anjos estilizados colocados nos quatro cantos da Terra retendo os quatro ventos para que n\u00e3o soprem na Terra, no mar ou em qualquer planta (Apocalipse 7). Quatro \u00e9 o n\u00famero que engloba toda a universalidade e os quatro cantos da terra simbolizam o mundo inteiro.<\/li>\n<li style=\"font-weight: 400;\">A imagem do Santo Padre no ato de abrir a Porta Santa da Bas\u00edlica de S\u00e3o Pedro, que s\u00f3 \u00e9 aberta por ocasi\u00e3o do Jubileu e esse gesto identifica o in\u00edcio do Ano Santo. A Porta permanecer\u00e1 aberta durante todo o ano do Jubileu e os peregrinos poder\u00e3o cruzar seu limiar para obter a indulg\u00eancia ligada ao Ano Santo e provar que sua peregrina\u00e7\u00e3o finalmente chegou a um encontro com Cristo e que a Porta est\u00e1 sempre aberta para todas as pessoas de boa vontade.<\/li>\n<li style=\"font-weight: 400;\">Por fim, foram modelados o bras\u00e3o de armas da Cidade do Vaticano (as chaves dadas por Cristo ao ap\u00f3stolo Pedro) e o lema papal Miserando Atque Eligendo (&#8220;ele olhou com um sentimento de amor e o escolheu&#8221;, extra\u00eddo das Homilias de S\u00e3o Beda, o Vener\u00e1vel).<\/li>\n<\/ul>\n\t\t\t\t\t\t\t\t<\/div>\n\t\t\t\t<\/div>\n\t\t\t\t\t<\/div>\n\t\t\t\t<\/div>\n\t\t\t\t<\/div>\n\t\t","protected":false},"excerpt":{"rendered":"<p>O sino oficial do Jubileu 2025, fabricado pela Pontificia Fonderia Marinelli, pesa 200 kg, tem uma circunfer\u00eancia de 2 m e responde \u00e0 nota musical RE. Ele reproduz o logotipo do Jubileu de 2025 com o lema PEREGRINANTES IN SPEM (Peregrinos na Esperan\u00e7a) e retrata quatro figuras estilizadas para indicar a humanidade dos quatro cantos [&hellip;]<\/p>\n","protected":false},"author":1,"featured_media":0,"parent":0,"menu_order":0,"comment_status":"closed","ping_status":"closed","template":"","meta":{"h5ap_radio_sources":[],"footnotes":""},"class_list":["post-4361","page","type-page","status-publish","hentry"],"_links":{"self":[{"href":"https:\/\/www.lacampanadelgiubileo.com\/pt-br\/wp-json\/wp\/v2\/pages\/4361","targetHints":{"allow":["GET"]}}],"collection":[{"href":"https:\/\/www.lacampanadelgiubileo.com\/pt-br\/wp-json\/wp\/v2\/pages"}],"about":[{"href":"https:\/\/www.lacampanadelgiubileo.com\/pt-br\/wp-json\/wp\/v2\/types\/page"}],"author":[{"embeddable":true,"href":"https:\/\/www.lacampanadelgiubileo.com\/pt-br\/wp-json\/wp\/v2\/users\/1"}],"replies":[{"embeddable":true,"href":"https:\/\/www.lacampanadelgiubileo.com\/pt-br\/wp-json\/wp\/v2\/comments?post=4361"}],"version-history":[{"count":5,"href":"https:\/\/www.lacampanadelgiubileo.com\/pt-br\/wp-json\/wp\/v2\/pages\/4361\/revisions"}],"predecessor-version":[{"id":4592,"href":"https:\/\/www.lacampanadelgiubileo.com\/pt-br\/wp-json\/wp\/v2\/pages\/4361\/revisions\/4592"}],"wp:attachment":[{"href":"https:\/\/www.lacampanadelgiubileo.com\/pt-br\/wp-json\/wp\/v2\/media?parent=4361"}],"curies":[{"name":"wp","href":"https:\/\/api.w.org\/{rel}","templated":true}]}}