{"id":4368,"date":"2024-01-30T09:57:20","date_gmt":"2024-01-30T08:57:20","guid":{"rendered":"https:\/\/www.lacampanadelgiubileo.com\/premia\/"},"modified":"2024-03-07T05:25:12","modified_gmt":"2024-03-07T04:25:12","slug":"premia","status":"publish","type":"page","link":"https:\/\/www.lacampanadelgiubileo.com\/fr\/premia\/","title":{"rendered":"Premia srl"},"content":{"rendered":"\t\t<div data-elementor-type=\"wp-page\" data-elementor-id=\"4368\" class=\"elementor elementor-4368 elementor-2699\" data-elementor-settings=\"{&quot;ha_cmc_init_switcher&quot;:&quot;no&quot;}\">\n\t\t\t\t<div class=\"elementor-element elementor-element-3e73c7fe e-flex e-con-boxed e-con e-parent\" data-id=\"3e73c7fe\" data-element_type=\"container\" data-e-type=\"container\" data-settings=\"{&quot;_ha_eqh_enable&quot;:false}\">\r\n\t\t\t\t\t<div class=\"e-con-inner\">\r\n\t\t\t\t<div class=\"elementor-element elementor-element-470cdd21 exad-sticky-section-no exad-glass-effect-no elementor-widget elementor-widget-text-editor\" data-id=\"470cdd21\" data-element_type=\"widget\" data-e-type=\"widget\" data-widget_type=\"text-editor.default\">\n\t\t\t\t<div class=\"elementor-widget-container\">\n\t\t\t\t\t\t\t\t\t<p>Nous connaissons la famille Marinelli d&rsquo;Agnone depuis 30 ans et sommes honor\u00e9s de leur amiti\u00e9. La relation qui nous lie, faite d&rsquo;estime et de valeurs partag\u00e9es, nous a vus collaborer \u00e0 plusieurs reprises, \u00e0 commencer par la merveilleuse exp\u00e9rience de la Grande Cloche Jubilaire de l&rsquo;an 2000, voulue et b\u00e9nie par Saint Jean-Paul II.<\/p>\n<p>Aujourd&rsquo;hui, nous sommes \u00e0 nouveau avec eux dans ce beau projet, cette vision lumineuse d&rsquo;une nouvelle cloche du Jubil\u00e9.<\/p>\n<p>Notre organisation, dont le si\u00e8ge est \u00e0 G\u00eanes, s&rsquo;occupe de la production et de la distribution mondiale des petites cloches, fid\u00e8les reproductions miniatures de la cloche officielle du Jubil\u00e9 2025, afin de permettre \u00e0 chacun de conserver un pr\u00e9cieux souvenir de l&rsquo;Ann\u00e9e Sainte 2025.<\/p>\n<p>Nous esp\u00e9rons que le son m\u00e9lodieux de la petite cloche suscitera un engagement collectif en faveur du bonheur, de la s\u00e9r\u00e9nit\u00e9 et de la paix dans le monde entier.<\/p>\n<p>Premia srl, en collaboration avec la fonderie pontificale Marinelli, a acquis le titre exclusif de licenci\u00e9 officiel du logo du Jubil\u00e9 2025 pour la production et la commercialisation de la cloche du Jubil\u00e9.<\/p>\n<p><strong>Premia srl unipersonale<\/strong><\/p>\n<p>Lungobisagno Istria, 33<br \/>16141 G\u00eanes &#8211; Italie<br \/>T\u00e9l. 0039 010 8688412<br \/>E-mail : <a href=\"mailto:info@lacampanadelgiubileo.com\">info@lacampanadelgiubileo.com<\/a> &#8211; <a href=\"mailto:info@premia.trade\">info@premia.trade<\/a><\/p>\n\t\t\t\t\t\t\t\t<\/div>\n\t\t\t\t<\/div>\n\t\t\t\t\t<\/div>\n\t\t\t\t<\/div>\n\t\t\t\t<\/div>\n\t\t","protected":false},"excerpt":{"rendered":"<p>Nous connaissons la famille Marinelli d&rsquo;Agnone depuis 30 ans et sommes honor\u00e9s de leur amiti\u00e9. La relation qui nous lie, faite d&rsquo;estime et de valeurs partag\u00e9es, nous a vus collaborer \u00e0 plusieurs reprises, \u00e0 commencer par la merveilleuse exp\u00e9rience de la Grande Cloche Jubilaire de l&rsquo;an 2000, voulue et b\u00e9nie par Saint Jean-Paul II. Aujourd&rsquo;hui, [&hellip;]<\/p>\n","protected":false},"author":1,"featured_media":0,"parent":0,"menu_order":0,"comment_status":"closed","ping_status":"closed","template":"","meta":{"h5ap_radio_sources":[],"footnotes":""},"class_list":["post-4368","page","type-page","status-publish","hentry"],"_links":{"self":[{"href":"https:\/\/www.lacampanadelgiubileo.com\/fr\/wp-json\/wp\/v2\/pages\/4368","targetHints":{"allow":["GET"]}}],"collection":[{"href":"https:\/\/www.lacampanadelgiubileo.com\/fr\/wp-json\/wp\/v2\/pages"}],"about":[{"href":"https:\/\/www.lacampanadelgiubileo.com\/fr\/wp-json\/wp\/v2\/types\/page"}],"author":[{"embeddable":true,"href":"https:\/\/www.lacampanadelgiubileo.com\/fr\/wp-json\/wp\/v2\/users\/1"}],"replies":[{"embeddable":true,"href":"https:\/\/www.lacampanadelgiubileo.com\/fr\/wp-json\/wp\/v2\/comments?post=4368"}],"version-history":[{"count":4,"href":"https:\/\/www.lacampanadelgiubileo.com\/fr\/wp-json\/wp\/v2\/pages\/4368\/revisions"}],"predecessor-version":[{"id":4641,"href":"https:\/\/www.lacampanadelgiubileo.com\/fr\/wp-json\/wp\/v2\/pages\/4368\/revisions\/4641"}],"wp:attachment":[{"href":"https:\/\/www.lacampanadelgiubileo.com\/fr\/wp-json\/wp\/v2\/media?parent=4368"}],"curies":[{"name":"wp","href":"https:\/\/api.w.org\/{rel}","templated":true}]}}