{"id":4360,"date":"2024-02-05T16:25:55","date_gmt":"2024-02-05T15:25:55","guid":{"rendered":"https:\/\/www.lacampanadelgiubileo.com\/la-campana-del-giubileo\/"},"modified":"2024-03-07T05:32:28","modified_gmt":"2024-03-07T04:32:28","slug":"la-cloche-du-jubile","status":"publish","type":"page","link":"https:\/\/www.lacampanadelgiubileo.com\/fr\/la-cloche-du-jubile\/","title":{"rendered":"La cloche du jubil\u00e9"},"content":{"rendered":"\t\t<div data-elementor-type=\"wp-page\" data-elementor-id=\"4360\" class=\"elementor elementor-4360 elementor-2840\" data-elementor-settings=\"{&quot;ha_cmc_init_switcher&quot;:&quot;no&quot;}\">\n\t\t\t\t<div class=\"elementor-element elementor-element-16ab313 e-flex e-con-boxed e-con e-parent\" data-id=\"16ab313\" data-element_type=\"container\" data-e-type=\"container\" data-settings=\"{&quot;_ha_eqh_enable&quot;:false}\">\r\n\t\t\t\t\t<div class=\"e-con-inner\">\r\n\t\t\t\t<div class=\"elementor-element elementor-element-6112b4a9 exad-sticky-section-no exad-glass-effect-no elementor-widget elementor-widget-text-editor\" data-id=\"6112b4a9\" data-element_type=\"widget\" data-e-type=\"widget\" data-widget_type=\"text-editor.default\">\n\t\t\t\t<div class=\"elementor-widget-container\">\n\t\t\t\t\t\t\t\t\t<p style=\"font-weight: 400;\">La cloche officielle du jubil\u00e9 2025, fabriqu\u00e9e par la Pontificia Fonderia Marinelli, p\u00e8se 200 kg, a une circonf\u00e9rence de 2 m et r\u00e9pond \u00e0 la note musicale RE.<\/p>\n<p style=\"font-weight: 400;\">Il reproduit le logo du Jubil\u00e9 2025 avec la devise PEREGRINANTES IN SPEM (P\u00e8lerins dans l&rsquo;Esp\u00e9rance) et repr\u00e9sente quatre figures stylis\u00e9es pour indiquer l&rsquo;humanit\u00e9 des quatre coins du monde, l&rsquo;une serr\u00e9e contre l&rsquo;autre et la premi\u00e8re embrass\u00e9e par une croix symbolisant le Christ, qui se prolonge pour devenir une ancre d&rsquo;esp\u00e9rance.<\/p>\n<p style=\"font-weight: 400;\">Les vagues sont agit\u00e9es car le p\u00e8lerinage de la vie ne se d\u00e9roule pas toujours en eaux calmes. L&rsquo;image du logo montre que le chemin du p\u00e8lerin est communautaire et tend vers la croix qui se penche vers l&rsquo;humanit\u00e9 pour ne pas la laisser seule.<\/p>\n<p style=\"font-weight: 400;\">Outre le logo du Jubil\u00e9 2025, de nombreux autres \u00e9l\u00e9ments ont \u00e9t\u00e9 cisel\u00e9s dans la cloche.<\/p>\n<ul>\n<li style=\"font-weight: 400;\">Quatre anges stylis\u00e9s plac\u00e9s aux quatre coins de la terre retiennent les quatre vents afin qu&rsquo;ils ne soufflent ni sur la terre, ni sur la mer, ni sur aucune plante ( Apocalypse 7). Quatre est le chiffre qui englobe toute l&rsquo;universalit\u00e9 et les quatre coins de la terre symbolisent le monde entier.<\/li>\n<li style=\"font-weight: 400;\">L&rsquo;image du Saint-P\u00e8re ouvrant la Porte Sainte de la basilique Saint-Pierre, qui n&rsquo;est ouverte qu&rsquo;\u00e0 l&rsquo;occasion du Jubil\u00e9, et ce geste identifie le d\u00e9but de l&rsquo;Ann\u00e9e Sainte. La porte restera ouverte pendant toute l&rsquo;ann\u00e9e jubilaire et les p\u00e8lerins pourront en franchir le seuil pour b\u00e9n\u00e9ficier de l&rsquo;indulgence li\u00e9e \u00e0 l&rsquo;Ann\u00e9e sainte et prouver que leur p\u00e8lerinage a finalement abouti \u00e0 une rencontre avec le Christ et que la porte est toujours ouverte \u00e0 toutes les personnes de bonne volont\u00e9.<\/li>\n<li style=\"font-weight: 400;\">Enfin, les armoiries de la Cit\u00e9 du Vatican (les cl\u00e9s remises par le Christ \u00e0 l&rsquo;ap\u00f4tre Pierre) et la devise papale Miserando Atque Eligendo (\u00ab\u00a0il l&rsquo;a regard\u00e9 avec un sentiment d&rsquo;amour et l&rsquo;a choisi\u00a0\u00bb, tir\u00e9e des Hom\u00e9lies de saint B\u00e8de le V\u00e9n\u00e9rable) ont \u00e9t\u00e9 mod\u00e9lis\u00e9es.<\/li>\n<\/ul>\n\t\t\t\t\t\t\t\t<\/div>\n\t\t\t\t<\/div>\n\t\t\t\t\t<\/div>\n\t\t\t\t<\/div>\n\t\t\t\t<\/div>\n\t\t","protected":false},"excerpt":{"rendered":"<p>La cloche officielle du jubil\u00e9 2025, fabriqu\u00e9e par la Pontificia Fonderia Marinelli, p\u00e8se 200 kg, a une circonf\u00e9rence de 2 m et r\u00e9pond \u00e0 la note musicale RE. Il reproduit le logo du Jubil\u00e9 2025 avec la devise PEREGRINANTES IN SPEM (P\u00e8lerins dans l&rsquo;Esp\u00e9rance) et repr\u00e9sente quatre figures stylis\u00e9es pour indiquer l&rsquo;humanit\u00e9 des quatre coins [&hellip;]<\/p>\n","protected":false},"author":1,"featured_media":0,"parent":0,"menu_order":0,"comment_status":"closed","ping_status":"closed","template":"","meta":{"h5ap_radio_sources":[],"footnotes":""},"class_list":["post-4360","page","type-page","status-publish","hentry"],"_links":{"self":[{"href":"https:\/\/www.lacampanadelgiubileo.com\/fr\/wp-json\/wp\/v2\/pages\/4360","targetHints":{"allow":["GET"]}}],"collection":[{"href":"https:\/\/www.lacampanadelgiubileo.com\/fr\/wp-json\/wp\/v2\/pages"}],"about":[{"href":"https:\/\/www.lacampanadelgiubileo.com\/fr\/wp-json\/wp\/v2\/types\/page"}],"author":[{"embeddable":true,"href":"https:\/\/www.lacampanadelgiubileo.com\/fr\/wp-json\/wp\/v2\/users\/1"}],"replies":[{"embeddable":true,"href":"https:\/\/www.lacampanadelgiubileo.com\/fr\/wp-json\/wp\/v2\/comments?post=4360"}],"version-history":[{"count":9,"href":"https:\/\/www.lacampanadelgiubileo.com\/fr\/wp-json\/wp\/v2\/pages\/4360\/revisions"}],"predecessor-version":[{"id":4677,"href":"https:\/\/www.lacampanadelgiubileo.com\/fr\/wp-json\/wp\/v2\/pages\/4360\/revisions\/4677"}],"wp:attachment":[{"href":"https:\/\/www.lacampanadelgiubileo.com\/fr\/wp-json\/wp\/v2\/media?parent=4360"}],"curies":[{"name":"wp","href":"https:\/\/api.w.org\/{rel}","templated":true}]}}