{"id":4342,"date":"2024-02-05T16:20:38","date_gmt":"2024-02-05T15:20:38","guid":{"rendered":"https:\/\/www.lacampanadelgiubileo.com\/la-storia\/"},"modified":"2024-03-07T05:28:51","modified_gmt":"2024-03-07T04:28:51","slug":"histoire","status":"publish","type":"page","link":"https:\/\/www.lacampanadelgiubileo.com\/fr\/histoire\/","title":{"rendered":"L&rsquo;histoire"},"content":{"rendered":"\t\t<div data-elementor-type=\"wp-page\" data-elementor-id=\"4342\" class=\"elementor elementor-4342 elementor-2832\" data-elementor-settings=\"{&quot;ha_cmc_init_switcher&quot;:&quot;no&quot;}\">\n\t\t\t\t<div class=\"elementor-element elementor-element-3d099692 e-flex e-con-boxed e-con e-parent\" data-id=\"3d099692\" data-element_type=\"container\" data-e-type=\"container\" data-settings=\"{&quot;_ha_eqh_enable&quot;:false}\">\r\n\t\t\t\t\t<div class=\"e-con-inner\">\r\n\t\t\t\t<div class=\"elementor-element elementor-element-43851136 exad-sticky-section-no exad-glass-effect-no elementor-widget elementor-widget-text-editor\" data-id=\"43851136\" data-element_type=\"widget\" data-e-type=\"widget\" data-widget_type=\"text-editor.default\">\n\t\t\t\t<div class=\"elementor-widget-container\">\n\t\t\t\t\t\t\t\t\t<p>En d\u00e9cembre 2022, l&rsquo;id\u00e9e, l&rsquo;envie de participer aux c\u00e9l\u00e9brations du Jubil\u00e9 2025 est apparue.<\/p>\n\t\t\t\t\t\t\t\t<\/div>\n\t\t\t\t<\/div>\n\t\t\t\t<div class=\"elementor-element elementor-element-070a5ba exad-sticky-section-no exad-glass-effect-no elementor-widget elementor-widget-text-editor\" data-id=\"070a5ba\" data-element_type=\"widget\" data-e-type=\"widget\" data-widget_type=\"text-editor.default\">\n\t\t\t\t<div class=\"elementor-widget-container\">\n\t\t\t\t\t\t\t\t\t<p>C&rsquo;est ainsi que la Pontificia Fonderia Marinelli d&rsquo;Agnone, dans la province d&rsquo;Isernia, a commenc\u00e9 \u00e0 imaginer la fonte d&rsquo;une cloche, \u00e9galement en souvenir de celle r\u00e9alis\u00e9e pour le Jubil\u00e9 de l&rsquo;an 2000 et aujourd&rsquo;hui conserv\u00e9e dans les jardins du Vatican, pour \u00eatre offerte au Saint-P\u00e8re.<\/p>\n<p>Les propri\u00e9taires de la fonderie Marinelli du m\u00eame nom, conscients du grand honneur et de la responsabilit\u00e9 qui leur incombent, ont commenc\u00e9 \u00e0 \u00e9tudier la meilleure r\u00e9alisation possible.<\/p>\n<p>Le projet et les esquisses pr\u00e9paratoires ont \u00e9t\u00e9 soumis au Dicast\u00e8re pour l&rsquo;\u00e9vang\u00e9lisation et, apr\u00e8s une \u00e9valuation minutieuse, ont \u00e9t\u00e9 partag\u00e9s et approuv\u00e9s.<\/p>\n<p>Le 15 d\u00e9cembre 2023, date m\u00e9morable pour la famille Marinelli, en pr\u00e9sence de Son Excellence Monseigneur Rino Fisichella, Pr\u00e9sident pour la promotion de la nouvelle \u00e9vang\u00e9lisation, la fonte du bronze sacr\u00e9 a \u00e9t\u00e9 b\u00e9nie par lui.<\/p>\n<p>La b\u00e9n\u00e9diction a \u00e9galement \u00e9t\u00e9 invoqu\u00e9e conjointement par Son Excellence l&rsquo;\u00e9v\u00eaque du dioc\u00e8se de Trivento, Monseigneur Claudio Palumbo, et Monseigneur Antonio Mastantuono, assistant eccl\u00e9siastique national de l&rsquo;UCID.<\/p>\n<p>Avec un concert de cloches install\u00e9 sur la place Saint-Pierre, la cloche sonnera l&rsquo;\u00e9v\u00e9nement jubilaire et entonnera des m\u00e9lodies de paix et de foi, annon\u00e7ant le Jubil\u00e9 de 2025 et apportant le message d&rsquo;espoir \u00e0 tous les p\u00e8lerins des quatre coins du monde.<\/p>\n<p>Des cloches miniatures ont \u00e9galement \u00e9t\u00e9 fabriqu\u00e9es, reproduisant fid\u00e8lement la grande cloche, afin qu&rsquo;elles puissent \u00eatre achet\u00e9es par tous les p\u00e8lerins comme un pr\u00e9cieux souvenir de l&rsquo;Ann\u00e9e Sainte et un symbole significatif du message du Jubil\u00e9.<\/p>\n\t\t\t\t\t\t\t\t<\/div>\n\t\t\t\t<\/div>\n\t\t\t\t\t<\/div>\n\t\t\t\t<\/div>\n\t\t\t\t<\/div>\n\t\t","protected":false},"excerpt":{"rendered":"<p>En d\u00e9cembre 2022, l&rsquo;id\u00e9e, l&rsquo;envie de participer aux c\u00e9l\u00e9brations du Jubil\u00e9 2025 est apparue. C&rsquo;est ainsi que la Pontificia Fonderia Marinelli d&rsquo;Agnone, dans la province d&rsquo;Isernia, a commenc\u00e9 \u00e0 imaginer la fonte d&rsquo;une cloche, \u00e9galement en souvenir de celle r\u00e9alis\u00e9e pour le Jubil\u00e9 de l&rsquo;an 2000 et aujourd&rsquo;hui conserv\u00e9e dans les jardins du Vatican, pour [&hellip;]<\/p>\n","protected":false},"author":1,"featured_media":0,"parent":0,"menu_order":0,"comment_status":"closed","ping_status":"closed","template":"","meta":{"h5ap_radio_sources":[],"footnotes":""},"class_list":["post-4342","page","type-page","status-publish","hentry"],"_links":{"self":[{"href":"https:\/\/www.lacampanadelgiubileo.com\/fr\/wp-json\/wp\/v2\/pages\/4342","targetHints":{"allow":["GET"]}}],"collection":[{"href":"https:\/\/www.lacampanadelgiubileo.com\/fr\/wp-json\/wp\/v2\/pages"}],"about":[{"href":"https:\/\/www.lacampanadelgiubileo.com\/fr\/wp-json\/wp\/v2\/types\/page"}],"author":[{"embeddable":true,"href":"https:\/\/www.lacampanadelgiubileo.com\/fr\/wp-json\/wp\/v2\/users\/1"}],"replies":[{"embeddable":true,"href":"https:\/\/www.lacampanadelgiubileo.com\/fr\/wp-json\/wp\/v2\/comments?post=4342"}],"version-history":[{"count":5,"href":"https:\/\/www.lacampanadelgiubileo.com\/fr\/wp-json\/wp\/v2\/pages\/4342\/revisions"}],"predecessor-version":[{"id":4658,"href":"https:\/\/www.lacampanadelgiubileo.com\/fr\/wp-json\/wp\/v2\/pages\/4342\/revisions\/4658"}],"wp:attachment":[{"href":"https:\/\/www.lacampanadelgiubileo.com\/fr\/wp-json\/wp\/v2\/media?parent=4342"}],"curies":[{"name":"wp","href":"https:\/\/api.w.org\/{rel}","templated":true}]}}