{"id":4367,"date":"2024-02-05T16:20:38","date_gmt":"2024-02-05T15:20:38","guid":{"rendered":"https:\/\/www.lacampanadelgiubileo.com\/la-storia\/"},"modified":"2024-03-07T05:28:10","modified_gmt":"2024-03-07T04:28:10","slug":"historia","status":"publish","type":"page","link":"https:\/\/www.lacampanadelgiubileo.com\/es\/historia\/","title":{"rendered":"Historia"},"content":{"rendered":"\t\t<div data-elementor-type=\"wp-page\" data-elementor-id=\"4367\" class=\"elementor elementor-4367 elementor-2832\" data-elementor-settings=\"{&quot;ha_cmc_init_switcher&quot;:&quot;no&quot;}\">\n\t\t\t\t<div class=\"elementor-element elementor-element-3d099692 e-flex e-con-boxed e-con e-parent\" data-id=\"3d099692\" data-element_type=\"container\" data-e-type=\"container\" data-settings=\"{&quot;_ha_eqh_enable&quot;:false}\">\r\n\t\t\t\t\t<div class=\"e-con-inner\">\r\n\t\t\t\t<div class=\"elementor-element elementor-element-43851136 exad-sticky-section-no exad-glass-effect-no elementor-widget elementor-widget-text-editor\" data-id=\"43851136\" data-element_type=\"widget\" data-e-type=\"widget\" data-widget_type=\"text-editor.default\">\n\t\t\t\t<div class=\"elementor-widget-container\">\n\t\t\t\t\t\t\t\t\t<p>En diciembre de 2022 surgi\u00f3 la idea, el deseo, de participar en las celebraciones del Jubileo 2025.<\/p>\n\t\t\t\t\t\t\t\t<\/div>\n\t\t\t\t<\/div>\n\t\t\t\t<div class=\"elementor-element elementor-element-070a5ba exad-sticky-section-no exad-glass-effect-no elementor-widget elementor-widget-text-editor\" data-id=\"070a5ba\" data-element_type=\"widget\" data-e-type=\"widget\" data-widget_type=\"text-editor.default\">\n\t\t\t\t<div class=\"elementor-widget-container\">\n\t\t\t\t\t\t\t\t\t<p>As\u00ed, la Pontificia Fonderia Marinelli de Agnone, en la provincia de Isernia, comenz\u00f3 a imaginar la fundici\u00f3n de una campana, tambi\u00e9n en recuerdo de la realizada para el Jubileo del a\u00f1o 2000 y ahora conservada en los Jardines Vaticanos, para regalar al Santo Padre.<\/p>\n<p>Los propietarios de la fundici\u00f3n Marinelli del mismo nombre, comenzaron a estudiar la mejor realizaci\u00f3n, conscientes del gran honor y responsabilidad.<\/p>\n<p>El proyecto y los bocetos preparatorios se presentaron al Dicasterio para la Evangelizaci\u00f3n y, tras una cuidadosa evaluaci\u00f3n, fueron compartidos y aprobados.<\/p>\n<p>El 15 de diciembre de 2023, fecha memorable para la familia Marinelli, en presencia de Su Excelencia Reverend\u00edsima Monse\u00f1or Rino Fisichella, Presidente para la Promoci\u00f3n de la Nueva Evangelizaci\u00f3n, fue bendecida por \u00e9l la fundici\u00f3n del sagrado bronce.<\/p>\n<p>La bendici\u00f3n tambi\u00e9n fue invocada conjuntamente por Su Excelencia el Obispo de la Di\u00f3cesis de Trivento Monse\u00f1or Claudio Palumbo y Monse\u00f1or Antonio Mastantuono, Asistente Eclesi\u00e1stico Nacional de la UCID.<\/p>\n<p>Junto con un concierto de campanas instalado en la Plaza de San Pedro, la Campana har\u00e1 sonar el acontecimiento jubilar y tocar\u00e1 melod\u00edas de Paz y Fe, anunciando el Jubileo de 2025 y llevando el mensaje de Esperanza a todos los peregrinos de los cuatro puntos cardinales.<\/p>\n<p>Tambi\u00e9n se fabricaron campanas en miniatura, fieles reproducciones de la campana grande, para que pudieran ser adquiridas por todos los peregrinos como precioso recuerdo del A\u00f1o Santo y s\u00edmbolo significativo del mensaje jubilar.<\/p>\n\t\t\t\t\t\t\t\t<\/div>\n\t\t\t\t<\/div>\n\t\t\t\t\t<\/div>\n\t\t\t\t<\/div>\n\t\t\t\t<\/div>\n\t\t","protected":false},"excerpt":{"rendered":"<p>En diciembre de 2022 surgi\u00f3 la idea, el deseo, de participar en las celebraciones del Jubileo 2025. As\u00ed, la Pontificia Fonderia Marinelli de Agnone, en la provincia de Isernia, comenz\u00f3 a imaginar la fundici\u00f3n de una campana, tambi\u00e9n en recuerdo de la realizada para el Jubileo del a\u00f1o 2000 y ahora conservada en los Jardines [&hellip;]<\/p>\n","protected":false},"author":1,"featured_media":0,"parent":0,"menu_order":0,"comment_status":"closed","ping_status":"closed","template":"","meta":{"h5ap_radio_sources":[],"footnotes":""},"class_list":["post-4367","page","type-page","status-publish","hentry"],"_links":{"self":[{"href":"https:\/\/www.lacampanadelgiubileo.com\/es\/wp-json\/wp\/v2\/pages\/4367","targetHints":{"allow":["GET"]}}],"collection":[{"href":"https:\/\/www.lacampanadelgiubileo.com\/es\/wp-json\/wp\/v2\/pages"}],"about":[{"href":"https:\/\/www.lacampanadelgiubileo.com\/es\/wp-json\/wp\/v2\/types\/page"}],"author":[{"embeddable":true,"href":"https:\/\/www.lacampanadelgiubileo.com\/es\/wp-json\/wp\/v2\/users\/1"}],"replies":[{"embeddable":true,"href":"https:\/\/www.lacampanadelgiubileo.com\/es\/wp-json\/wp\/v2\/comments?post=4367"}],"version-history":[{"count":5,"href":"https:\/\/www.lacampanadelgiubileo.com\/es\/wp-json\/wp\/v2\/pages\/4367\/revisions"}],"predecessor-version":[{"id":4655,"href":"https:\/\/www.lacampanadelgiubileo.com\/es\/wp-json\/wp\/v2\/pages\/4367\/revisions\/4655"}],"wp:attachment":[{"href":"https:\/\/www.lacampanadelgiubileo.com\/es\/wp-json\/wp\/v2\/media?parent=4367"}],"curies":[{"name":"wp","href":"https:\/\/api.w.org\/{rel}","templated":true}]}}