{"id":4362,"date":"2024-02-05T16:25:55","date_gmt":"2024-02-05T15:25:55","guid":{"rendered":"https:\/\/www.lacampanadelgiubileo.com\/la-campana-del-giubileo\/"},"modified":"2024-03-07T05:33:34","modified_gmt":"2024-03-07T04:33:34","slug":"la-campana-del-jubileo","status":"publish","type":"page","link":"https:\/\/www.lacampanadelgiubileo.com\/es\/la-campana-del-jubileo\/","title":{"rendered":"La Campana del Jvbileo"},"content":{"rendered":"\t\t<div data-elementor-type=\"wp-page\" data-elementor-id=\"4362\" class=\"elementor elementor-4362 elementor-2840\" data-elementor-settings=\"{&quot;ha_cmc_init_switcher&quot;:&quot;no&quot;}\">\n\t\t\t\t<div class=\"elementor-element elementor-element-16ab313 e-flex e-con-boxed e-con e-parent\" data-id=\"16ab313\" data-element_type=\"container\" data-e-type=\"container\" data-settings=\"{&quot;_ha_eqh_enable&quot;:false}\">\r\n\t\t\t\t\t<div class=\"e-con-inner\">\r\n\t\t\t\t<div class=\"elementor-element elementor-element-6112b4a9 exad-sticky-section-no exad-glass-effect-no elementor-widget elementor-widget-text-editor\" data-id=\"6112b4a9\" data-element_type=\"widget\" data-e-type=\"widget\" data-widget_type=\"text-editor.default\">\n\t\t\t\t<div class=\"elementor-widget-container\">\n\t\t\t\t\t\t\t\t\t<p style=\"font-weight: 400;\">La campana oficial del Jubileo 2025, fabricada por la Pontificia Fonderia Marinelli, pesa 200 kg, tiene una circunferencia de 2 m y responde a la nota musical RE.<\/p>\n<p style=\"font-weight: 400;\">Reproduce el logotipo del Jubileo 2025 con el lema PEREGRINANTES IN SPEM (Peregrinos en la esperanza) y representa cuatro figuras estilizadas para indicar la humanidad de los cuatro puntos cardinales, una abrazada a la otra y la primera abrazada por una cruz que simboliza a Cristo, que se prolonga para convertirse en un ancla de esperanza.<\/p>\n<p style=\"font-weight: 400;\">Las olas de abajo est\u00e1n agitadas porque el peregrinaje de la vida no siempre se mueve en aguas tranquilas. La imagen del logotipo muestra c\u00f3mo el viaje del peregrino es comunitario y tiende hacia la cruz que se inclina hacia la humanidad para no dejarla sola.<\/p>\n<p style=\"font-weight: 400;\">Adem\u00e1s del logotipo del Jubileo 2025, se cincelaron muchos otros elementos en la campana.<\/p>\n<ul>\n<li style=\"font-weight: 400;\">Cuatro \u00e1ngeles estilizados colocados en las cuatro esquinas de la tierra reteniendo los cuatro vientos para que no soplen sobre la tierra, sobre el mar ni sobre ninguna planta ( Apocalipsis 7). El cuatro es el n\u00famero que encierra toda la universalidad y las cuatro esquinas de la tierra simbolizan el mundo entero.<\/li>\n<li style=\"font-weight: 400;\">La imagen del Santo Padre en el acto de abrir la Puerta Santa de la Bas\u00edlica de San Pedro, que s\u00f3lo se abre con ocasi\u00f3n del Jubileo y este gesto identifica el inicio del A\u00f1o Santo. La Puerta permanecer\u00e1 abierta durante todo el a\u00f1o jubilar y los peregrinos podr\u00e1n cruzar su umbral para obtener la indulgencia vinculada al A\u00f1o Santo y comprobar que su peregrinaci\u00f3n ha llegado finalmente al encuentro con Cristo y que la Puerta est\u00e1 siempre abierta para todos los hombres de buena voluntad.<\/li>\n<li style=\"font-weight: 400;\">Por \u00faltimo, se modelaron el escudo de la Ciudad del Vaticano (las Llaves dadas por Cristo al ap\u00f3stol Pedro) y el lema papal Miserando Atque Eligendo (\u00abmir\u00f3 con sentimiento de amor y lo eligi\u00f3\u00bb, tomado de las Homil\u00edas de San Beda el Venerable).<\/li>\n<\/ul>\n\t\t\t\t\t\t\t\t<\/div>\n\t\t\t\t<\/div>\n\t\t\t\t\t<\/div>\n\t\t\t\t<\/div>\n\t\t\t\t<\/div>\n\t\t","protected":false},"excerpt":{"rendered":"<p>La campana oficial del Jubileo 2025, fabricada por la Pontificia Fonderia Marinelli, pesa 200 kg, tiene una circunferencia de 2 m y responde a la nota musical RE. Reproduce el logotipo del Jubileo 2025 con el lema PEREGRINANTES IN SPEM (Peregrinos en la esperanza) y representa cuatro figuras estilizadas para indicar la humanidad de los [&hellip;]<\/p>\n","protected":false},"author":1,"featured_media":0,"parent":0,"menu_order":0,"comment_status":"closed","ping_status":"closed","template":"","meta":{"h5ap_radio_sources":[],"footnotes":""},"class_list":["post-4362","page","type-page","status-publish","hentry"],"_links":{"self":[{"href":"https:\/\/www.lacampanadelgiubileo.com\/es\/wp-json\/wp\/v2\/pages\/4362","targetHints":{"allow":["GET"]}}],"collection":[{"href":"https:\/\/www.lacampanadelgiubileo.com\/es\/wp-json\/wp\/v2\/pages"}],"about":[{"href":"https:\/\/www.lacampanadelgiubileo.com\/es\/wp-json\/wp\/v2\/types\/page"}],"author":[{"embeddable":true,"href":"https:\/\/www.lacampanadelgiubileo.com\/es\/wp-json\/wp\/v2\/users\/1"}],"replies":[{"embeddable":true,"href":"https:\/\/www.lacampanadelgiubileo.com\/es\/wp-json\/wp\/v2\/comments?post=4362"}],"version-history":[{"count":7,"href":"https:\/\/www.lacampanadelgiubileo.com\/es\/wp-json\/wp\/v2\/pages\/4362\/revisions"}],"predecessor-version":[{"id":4678,"href":"https:\/\/www.lacampanadelgiubileo.com\/es\/wp-json\/wp\/v2\/pages\/4362\/revisions\/4678"}],"wp:attachment":[{"href":"https:\/\/www.lacampanadelgiubileo.com\/es\/wp-json\/wp\/v2\/media?parent=4362"}],"curies":[{"name":"wp","href":"https:\/\/api.w.org\/{rel}","templated":true}]}}